{"id":14697,"date":"2020-05-27T01:03:16","date_gmt":"2020-05-26T22:03:16","guid":{"rendered":"https:\/\/www.tekmil.com.tr\/company\/"},"modified":"2025-10-27T09:56:04","modified_gmt":"2025-10-27T06:56:04","slug":"en-company","status":"publish","type":"page","link":"https:\/\/www.tekmil.com.tr\/en\/en-company\/","title":{"rendered":"Company"},"content":{"rendered":"\t\t<div data-elementor-type=\"wp-page\" data-elementor-id=\"14697\" class=\"elementor elementor-14697 elementor-13341\" data-elementor-post-type=\"page\">\n\t\t\t\t<div class=\"elementor-element elementor-element-d803268 e-flex e-con-boxed e-con e-parent\" data-id=\"d803268\" data-element_type=\"container\">\n\t\t\t\t\t<div class=\"e-con-inner\">\n\t\t<div class=\"elementor-element elementor-element-9bbabae e-con-full e-flex e-con e-child\" data-id=\"9bbabae\" data-element_type=\"container\">\n\t\t\t\t<div class=\"elementor-element elementor-element-4b2194d5 elementor-widget elementor-widget-text-editor\" data-id=\"4b2194d5\" data-element_type=\"widget\" data-widget_type=\"text-editor.default\">\n\t\t\t\t<div class=\"elementor-widget-container\">\n\t\t\t\t\t\t\t\t\t<p>Our company was founded in 1943 by Andon Babucyan. In those years, machine parts, spare parts, medical equipment, such as the newly formed manufacturing industry for many issues in the production of production has been made. Dentistry is one of Turkey&#8217;s first manufacturer Tekmil Fot\u00f6y. Then, it started to manufacture complete units. with Tekmil started to import along with production in future years, the company of Turkey Representation of \u00fcstlenmi\u015ftirb of companies worldwide serving the dental work, sat\u0131s to ba\u015flam\u0131\u015ft\u0131r. by and ISO certificates the same time as YERLI FINANCIAL document sahiptir.\u00fcret location of Istanbul via direct our physicians in markets abroad, our products elevates our production quality and Distributors It is in \u0130kitelli and carries out the processes from metal processing to delivery in its own factory. we are always happy to help you.<\/p>\n<p>\n\t\t\t\t\t\t\t\t<\/div>\n\t\t\t\t<\/div>\n\t\t\t\t<\/div>\n\t\t<div class=\"elementor-element elementor-element-1306f3b e-con-full e-flex e-con e-child\" data-id=\"1306f3b\" data-element_type=\"container\">\n\t\t\t\t<div class=\"elementor-element elementor-element-507a5a0 elementor-widget elementor-widget-pix-img\" data-id=\"507a5a0\" data-element_type=\"widget\" data-widget_type=\"pix-img.default\">\n\t\t\t\t<div class=\"elementor-widget-container\">\n\t\t\t\t\t<div class=\"d-inline-block \" ><div class=\"pix-img-el    text-left d-inline-block  w-100 rounded-lg\"  ><img fetchpriority=\"high\" decoding=\"async\" class=\"card-img2 pix-img-elem rounded-lg  h-1002\" style=\"height:auto;\" width=\"1220\" height=\"1273\" srcset=\"https:\/\/www.tekmil.com.tr\/wp-content\/uploads\/2023\/11\/dedem-1920w.webp 1220w, https:\/\/www.tekmil.com.tr\/wp-content\/uploads\/2023\/11\/dedem-1920w-288x300.webp 288w, https:\/\/www.tekmil.com.tr\/wp-content\/uploads\/2023\/11\/dedem-1920w-981x1024.webp 981w, https:\/\/www.tekmil.com.tr\/wp-content\/uploads\/2023\/11\/dedem-1920w-768x801.webp 768w\" sizes=\"(max-width: 1220px) 100vw, 1220px\" src=\"https:\/\/www.tekmil.com.tr\/wp-content\/uploads\/2023\/11\/dedem-1920w.webp\" alt=\"Image link\" \/><\/div><\/div>\t\t\t\t<\/div>\n\t\t\t\t<\/div>\n\t\t\t\t<div class=\"elementor-element elementor-element-59bafa1 elementor-widget elementor-widget-pix-img\" data-id=\"59bafa1\" data-element_type=\"widget\" data-widget_type=\"pix-img.default\">\n\t\t\t\t<div class=\"elementor-widget-container\">\n\t\t\t\t\t<div class=\"d-inline-block \" ><div class=\"pix-img-el    text-left d-inline-block  w-100 rounded-lg\"  ><img decoding=\"async\" class=\"card-img2 pix-img-elem rounded-lg  h-1002\" style=\"height:auto;\" width=\"1024\" height=\"576\" srcset=\"https:\/\/www.tekmil.com.tr\/wp-content\/uploads\/2023\/11\/tekmil1-32dd4165-1920w.webp 1024w, https:\/\/www.tekmil.com.tr\/wp-content\/uploads\/2023\/11\/tekmil1-32dd4165-1920w-300x169.webp 300w, https:\/\/www.tekmil.com.tr\/wp-content\/uploads\/2023\/11\/tekmil1-32dd4165-1920w-768x432.webp 768w\" sizes=\"(max-width: 1024px) 100vw, 1024px\" src=\"https:\/\/www.tekmil.com.tr\/wp-content\/uploads\/2023\/11\/tekmil1-32dd4165-1920w.webp\" alt=\"Image link\" \/><\/div><\/div>\t\t\t\t<\/div>\n\t\t\t\t<\/div>\n\t\t\t\t<\/div>\n\t\t\t\t\t<\/div>\n\t\t\t\t<\/div>\n\t\t\t\t<\/div>\n\t\t","protected":false},"excerpt":{"rendered":"<p>Our company was founded in 1943 by Andon Babucyan. In those years, machine parts, spare parts, medical equipment, such as the newly formed manufacturing industry for many issues in the production of production has been made. Dentistry is one of&#8230;<\/p>\n","protected":false},"author":1,"featured_media":0,"parent":0,"menu_order":0,"comment_status":"closed","ping_status":"open","template":"","meta":{"footnotes":""},"class_list":["post-14697","page","type-page","status-publish","hentry"],"_links":{"self":[{"href":"https:\/\/www.tekmil.com.tr\/en\/wp-json\/wp\/v2\/pages\/14697","targetHints":{"allow":["GET"]}}],"collection":[{"href":"https:\/\/www.tekmil.com.tr\/en\/wp-json\/wp\/v2\/pages"}],"about":[{"href":"https:\/\/www.tekmil.com.tr\/en\/wp-json\/wp\/v2\/types\/page"}],"author":[{"embeddable":true,"href":"https:\/\/www.tekmil.com.tr\/en\/wp-json\/wp\/v2\/users\/1"}],"replies":[{"embeddable":true,"href":"https:\/\/www.tekmil.com.tr\/en\/wp-json\/wp\/v2\/comments?post=14697"}],"version-history":[{"count":4,"href":"https:\/\/www.tekmil.com.tr\/en\/wp-json\/wp\/v2\/pages\/14697\/revisions"}],"predecessor-version":[{"id":15126,"href":"https:\/\/www.tekmil.com.tr\/en\/wp-json\/wp\/v2\/pages\/14697\/revisions\/15126"}],"wp:attachment":[{"href":"https:\/\/www.tekmil.com.tr\/en\/wp-json\/wp\/v2\/media?parent=14697"}],"curies":[{"name":"wp","href":"https:\/\/api.w.org\/{rel}","templated":true}]}}